{"id":54,"date":"2023-02-09T12:09:01","date_gmt":"2023-02-09T12:09:01","guid":{"rendered":"https:\/\/norvid.lt\/?page_id=54"},"modified":"2023-03-24T10:38:48","modified_gmt":"2023-03-24T10:38:48","slug":"automobiliu-pervezimas","status":"publish","type":"page","link":"https:\/\/norvid.lt\/paslaugos\/automobiliu-pervezimas\/","title":{"rendered":"Automobili\u0173 perve\u017eimas"},"content":{"rendered":"\n<p>Sugedo automobilis ar \u0161iaip norite pargabenti j\u012f \u012f Lietuv\u0105 ar i\u0161 Lietuvos \u012f Norvegij\u0105? Jeigu taip tai mes galime pad\u0117ti jums \u0161iuo klausimu! Gabename automobilius mar\u0161rutu &#8211; Lietuva &#8211; Norvegija &#8211; Lietuva.<\/p>\n\n\n\n<p>Taip pat galime pergabenti bet koki\u0105 motorin\u0119 transporto priemon\u0119 ar nestandartin\u012f krovin\u012f.<br>D\u0117l perve\u017eimo paslaugos \u012fkaini\u0173 pra\u0161ome susisiekti su mumis el. pa\u0161tu arba telefonu, kuriuos rasite kontaktuose.<\/p>\n","protected":false},"excerpt":{"rendered":"<p>Sugedo automobilis ar \u0161iaip norite pargabenti j\u012f \u012f Lietuv\u0105 ar i\u0161 Lietuvos \u012f Norvegij\u0105? Jeigu taip tai mes galime pad\u0117ti jums \u0161iuo klausimu! Gabename automobilius mar\u0161rutu &#8211; Lietuva &#8211; Norvegija &#8211; Lietuva. Taip pat galime pergabenti bet koki\u0105 motorin\u0119 transporto priemon\u0119 ar nestandartin\u012f krovin\u012f.D\u0117l perve\u017eimo paslaugos \u012fkaini\u0173 pra\u0161ome susisiekti su mumis el. pa\u0161tu arba telefonu, [&hellip;]<\/p>\n","protected":false},"author":1,"featured_media":0,"parent":135,"menu_order":0,"comment_status":"closed","ping_status":"closed","template":"","meta":{"site-sidebar-layout":"default","site-content-layout":"","ast-site-content-layout":"default","site-content-style":"default","site-sidebar-style":"default","ast-global-header-display":"","ast-banner-title-visibility":"","ast-main-header-display":"","ast-hfb-above-header-display":"","ast-hfb-below-header-display":"","ast-hfb-mobile-header-display":"","site-post-title":"","ast-breadcrumbs-content":"","ast-featured-img":"","footer-sml-layout":"","ast-disable-related-posts":"","theme-transparent-header-meta":"","adv-header-id-meta":"","stick-header-meta":"","header-above-stick-meta":"","header-main-stick-meta":"","header-below-stick-meta":"","astra-migrate-meta-layouts":"default","ast-page-background-enabled":"default","ast-page-background-meta":{"desktop":{"background-color":"var(--ast-global-color-4)","background-image":"","background-repeat":"repeat","background-position":"center center","background-size":"auto","background-attachment":"scroll","background-type":"","background-media":"","overlay-type":"","overlay-color":"","overlay-opacity":"","overlay-gradient":""},"tablet":{"background-color":"","background-image":"","background-repeat":"repeat","background-position":"center center","background-size":"auto","background-attachment":"scroll","background-type":"","background-media":"","overlay-type":"","overlay-color":"","overlay-opacity":"","overlay-gradient":""},"mobile":{"background-color":"","background-image":"","background-repeat":"repeat","background-position":"center center","background-size":"auto","background-attachment":"scroll","background-type":"","background-media":"","overlay-type":"","overlay-color":"","overlay-opacity":"","overlay-gradient":""}},"ast-content-background-meta":{"desktop":{"background-color":"var(--ast-global-color-5)","background-image":"","background-repeat":"repeat","background-position":"center center","background-size":"auto","background-attachment":"scroll","background-type":"","background-media":"","overlay-type":"","overlay-color":"","overlay-opacity":"","overlay-gradient":""},"tablet":{"background-color":"var(--ast-global-color-5)","background-image":"","background-repeat":"repeat","background-position":"center center","background-size":"auto","background-attachment":"scroll","background-type":"","background-media":"","overlay-type":"","overlay-color":"","overlay-opacity":"","overlay-gradient":""},"mobile":{"background-color":"var(--ast-global-color-5)","background-image":"","background-repeat":"repeat","background-position":"center center","background-size":"auto","background-attachment":"scroll","background-type":"","background-media":"","overlay-type":"","overlay-color":"","overlay-opacity":"","overlay-gradient":""}},"ngg_post_thumbnail":0,"footnotes":""},"class_list":["post-54","page","type-page","status-publish","hentry"],"yoast_head":"<!-- This site is optimized with the Yoast SEO plugin v27.4 - https:\/\/yoast.com\/product\/yoast-seo-wordpress\/ -->\n<title>Automobili\u0173 perve\u017eimas -<\/title>\n<meta name=\"description\" content=\"Gabename automobilius mar\u0161rutu - Lietuva - Norvegija - Lietuva. nestandartin\u0117s transporto priemon\u0117s, automobiliai ir kita\" \/>\n<meta name=\"robots\" content=\"index, follow, max-snippet:-1, max-image-preview:large, max-video-preview:-1\" \/>\n<link rel=\"canonical\" href=\"https:\/\/norvid.lt\/paslaugos\/automobiliu-pervezimas\/\" \/>\n<meta property=\"og:locale\" content=\"lt_LT\" \/>\n<meta property=\"og:type\" content=\"article\" \/>\n<meta property=\"og:title\" content=\"Automobili\u0173 perve\u017eimas -\" \/>\n<meta property=\"og:description\" content=\"Gabename automobilius mar\u0161rutu - Lietuva - Norvegija - Lietuva. nestandartin\u0117s transporto priemon\u0117s, automobiliai ir kita\" \/>\n<meta property=\"og:url\" content=\"https:\/\/norvid.lt\/paslaugos\/automobiliu-pervezimas\/\" \/>\n<meta property=\"article:publisher\" content=\"https:\/\/www.facebook.com\/profile.php?id=100063518624903\" \/>\n<meta property=\"article:modified_time\" content=\"2023-03-24T10:38:48+00:00\" \/>\n<meta name=\"twitter:card\" content=\"summary_large_image\" \/>\n<meta name=\"twitter:label1\" content=\"Est. reading time\" \/>\n\t<meta name=\"twitter:data1\" content=\"1 minut\u0117\" \/>\n<script type=\"application\/ld+json\" class=\"yoast-schema-graph\">{\"@context\":\"https:\\\/\\\/schema.org\",\"@graph\":[{\"@type\":\"WebPage\",\"@id\":\"https:\\\/\\\/norvid.lt\\\/paslaugos\\\/automobiliu-pervezimas\\\/\",\"url\":\"https:\\\/\\\/norvid.lt\\\/paslaugos\\\/automobiliu-pervezimas\\\/\",\"name\":\"Automobili\u0173 perve\u017eimas -\",\"isPartOf\":{\"@id\":\"https:\\\/\\\/norvid.lt\\\/#website\"},\"datePublished\":\"2023-02-09T12:09:01+00:00\",\"dateModified\":\"2023-03-24T10:38:48+00:00\",\"description\":\"Gabename automobilius mar\u0161rutu - Lietuva - Norvegija - Lietuva. nestandartin\u0117s transporto priemon\u0117s, automobiliai ir kita\",\"breadcrumb\":{\"@id\":\"https:\\\/\\\/norvid.lt\\\/paslaugos\\\/automobiliu-pervezimas\\\/#breadcrumb\"},\"inLanguage\":\"lt-LT\",\"potentialAction\":[{\"@type\":\"ReadAction\",\"target\":[\"https:\\\/\\\/norvid.lt\\\/paslaugos\\\/automobiliu-pervezimas\\\/\"]}]},{\"@type\":\"BreadcrumbList\",\"@id\":\"https:\\\/\\\/norvid.lt\\\/paslaugos\\\/automobiliu-pervezimas\\\/#breadcrumb\",\"itemListElement\":[{\"@type\":\"ListItem\",\"position\":1,\"name\":\"Home\",\"item\":\"https:\\\/\\\/norvid.lt\\\/\"},{\"@type\":\"ListItem\",\"position\":2,\"name\":\"Paslaugos\",\"item\":\"https:\\\/\\\/norvid.lt\\\/paslaugos\\\/\"},{\"@type\":\"ListItem\",\"position\":3,\"name\":\"Automobili\u0173 perve\u017eimas\"}]},{\"@type\":\"WebSite\",\"@id\":\"https:\\\/\\\/norvid.lt\\\/#website\",\"url\":\"https:\\\/\\\/norvid.lt\\\/\",\"name\":\"Norvid.lt\",\"description\":\"\",\"publisher\":{\"@id\":\"https:\\\/\\\/norvid.lt\\\/#organization\"},\"potentialAction\":[{\"@type\":\"SearchAction\",\"target\":{\"@type\":\"EntryPoint\",\"urlTemplate\":\"https:\\\/\\\/norvid.lt\\\/?s={search_term_string}\"},\"query-input\":{\"@type\":\"PropertyValueSpecification\",\"valueRequired\":true,\"valueName\":\"search_term_string\"}}],\"inLanguage\":\"lt-LT\"},{\"@type\":\"Organization\",\"@id\":\"https:\\\/\\\/norvid.lt\\\/#organization\",\"name\":\"UAB ,,Norvid\\\"\",\"url\":\"https:\\\/\\\/norvid.lt\\\/\",\"logo\":{\"@type\":\"ImageObject\",\"inLanguage\":\"lt-LT\",\"@id\":\"https:\\\/\\\/norvid.lt\\\/#\\\/schema\\\/logo\\\/image\\\/\",\"url\":\"https:\\\/\\\/norvid.lt\\\/wp-content\\\/uploads\\\/2023\\\/02\\\/cropped-logo.png\",\"contentUrl\":\"https:\\\/\\\/norvid.lt\\\/wp-content\\\/uploads\\\/2023\\\/02\\\/cropped-logo.png\",\"width\":719,\"height\":218,\"caption\":\"UAB ,,Norvid\\\"\"},\"image\":{\"@id\":\"https:\\\/\\\/norvid.lt\\\/#\\\/schema\\\/logo\\\/image\\\/\"},\"sameAs\":[\"https:\\\/\\\/www.facebook.com\\\/profile.php?id=100063518624903\"]}]}<\/script>\n<!-- \/ Yoast SEO plugin. -->","yoast_head_json":{"title":"Automobili\u0173 perve\u017eimas -","description":"Gabename automobilius mar\u0161rutu - Lietuva - Norvegija - Lietuva. nestandartin\u0117s transporto priemon\u0117s, automobiliai ir kita","robots":{"index":"index","follow":"follow","max-snippet":"max-snippet:-1","max-image-preview":"max-image-preview:large","max-video-preview":"max-video-preview:-1"},"canonical":"https:\/\/norvid.lt\/paslaugos\/automobiliu-pervezimas\/","og_locale":"lt_LT","og_type":"article","og_title":"Automobili\u0173 perve\u017eimas -","og_description":"Gabename automobilius mar\u0161rutu - Lietuva - Norvegija - Lietuva. nestandartin\u0117s transporto priemon\u0117s, automobiliai ir kita","og_url":"https:\/\/norvid.lt\/paslaugos\/automobiliu-pervezimas\/","article_publisher":"https:\/\/www.facebook.com\/profile.php?id=100063518624903","article_modified_time":"2023-03-24T10:38:48+00:00","twitter_card":"summary_large_image","twitter_misc":{"Est. reading time":"1 minut\u0117"},"schema":{"@context":"https:\/\/schema.org","@graph":[{"@type":"WebPage","@id":"https:\/\/norvid.lt\/paslaugos\/automobiliu-pervezimas\/","url":"https:\/\/norvid.lt\/paslaugos\/automobiliu-pervezimas\/","name":"Automobili\u0173 perve\u017eimas -","isPartOf":{"@id":"https:\/\/norvid.lt\/#website"},"datePublished":"2023-02-09T12:09:01+00:00","dateModified":"2023-03-24T10:38:48+00:00","description":"Gabename automobilius mar\u0161rutu - Lietuva - Norvegija - Lietuva. nestandartin\u0117s transporto priemon\u0117s, automobiliai ir kita","breadcrumb":{"@id":"https:\/\/norvid.lt\/paslaugos\/automobiliu-pervezimas\/#breadcrumb"},"inLanguage":"lt-LT","potentialAction":[{"@type":"ReadAction","target":["https:\/\/norvid.lt\/paslaugos\/automobiliu-pervezimas\/"]}]},{"@type":"BreadcrumbList","@id":"https:\/\/norvid.lt\/paslaugos\/automobiliu-pervezimas\/#breadcrumb","itemListElement":[{"@type":"ListItem","position":1,"name":"Home","item":"https:\/\/norvid.lt\/"},{"@type":"ListItem","position":2,"name":"Paslaugos","item":"https:\/\/norvid.lt\/paslaugos\/"},{"@type":"ListItem","position":3,"name":"Automobili\u0173 perve\u017eimas"}]},{"@type":"WebSite","@id":"https:\/\/norvid.lt\/#website","url":"https:\/\/norvid.lt\/","name":"Norvid.lt","description":"","publisher":{"@id":"https:\/\/norvid.lt\/#organization"},"potentialAction":[{"@type":"SearchAction","target":{"@type":"EntryPoint","urlTemplate":"https:\/\/norvid.lt\/?s={search_term_string}"},"query-input":{"@type":"PropertyValueSpecification","valueRequired":true,"valueName":"search_term_string"}}],"inLanguage":"lt-LT"},{"@type":"Organization","@id":"https:\/\/norvid.lt\/#organization","name":"UAB ,,Norvid\"","url":"https:\/\/norvid.lt\/","logo":{"@type":"ImageObject","inLanguage":"lt-LT","@id":"https:\/\/norvid.lt\/#\/schema\/logo\/image\/","url":"https:\/\/norvid.lt\/wp-content\/uploads\/2023\/02\/cropped-logo.png","contentUrl":"https:\/\/norvid.lt\/wp-content\/uploads\/2023\/02\/cropped-logo.png","width":719,"height":218,"caption":"UAB ,,Norvid\""},"image":{"@id":"https:\/\/norvid.lt\/#\/schema\/logo\/image\/"},"sameAs":["https:\/\/www.facebook.com\/profile.php?id=100063518624903"]}]}},"_links":{"self":[{"href":"https:\/\/norvid.lt\/wp-json\/wp\/v2\/pages\/54","targetHints":{"allow":["GET"]}}],"collection":[{"href":"https:\/\/norvid.lt\/wp-json\/wp\/v2\/pages"}],"about":[{"href":"https:\/\/norvid.lt\/wp-json\/wp\/v2\/types\/page"}],"author":[{"embeddable":true,"href":"https:\/\/norvid.lt\/wp-json\/wp\/v2\/users\/1"}],"replies":[{"embeddable":true,"href":"https:\/\/norvid.lt\/wp-json\/wp\/v2\/comments?post=54"}],"version-history":[{"count":2,"href":"https:\/\/norvid.lt\/wp-json\/wp\/v2\/pages\/54\/revisions"}],"predecessor-version":[{"id":139,"href":"https:\/\/norvid.lt\/wp-json\/wp\/v2\/pages\/54\/revisions\/139"}],"up":[{"embeddable":true,"href":"https:\/\/norvid.lt\/wp-json\/wp\/v2\/pages\/135"}],"wp:attachment":[{"href":"https:\/\/norvid.lt\/wp-json\/wp\/v2\/media?parent=54"}],"curies":[{"name":"wp","href":"https:\/\/api.w.org\/{rel}","templated":true}]}}