{"id":23,"date":"2023-02-09T11:30:26","date_gmt":"2023-02-09T11:30:26","guid":{"rendered":"https:\/\/norvid.lt\/?page_id=23"},"modified":"2026-03-17T18:41:33","modified_gmt":"2026-03-17T16:41:33","slug":"draudziami-daigtai","status":"publish","type":"page","link":"https:\/\/norvid.lt\/draudziami-daigtai\/","title":{"rendered":"Draud\u017eiami daiktai"},"content":{"rendered":"\n<p class=\"has-text-align-center\">Atkreipiame d\u0117mes\u012f, kad siuntose <strong>grie\u017etai draud\u017eiama<\/strong> gabenti \u017eemiau i\u0161vardintus daiktus. UAB \u201eNorvid\u201c u\u017e juos neprisiima jokios atsakomyb\u0117s, i\u0161skyrus atvejus, kai su siunt\u0117ju tai i\u0161 anksto suderinta ra\u0161tu.<\/p>\n\n\n\n<p class=\"has-text-align-center\"><strong>Siuntoje negali b\u016bti:<\/strong><\/p>\n\n\n\n<p class=\"has-text-align-center\">\ud83e\udd69 <strong>Maisto:<\/strong> greitai gendan\u010di\u0173 maisto produkt\u0173.<\/p>\n\n\n\n<p class=\"has-text-align-center\">\ud83e\uddea <strong>Pavojing\u0173 med\u017eiag\u0173:<\/strong> chemini\u0173, sprogi\u0173 ir degi\u0173 med\u017eiag\u0173.<\/p>\n\n\n\n<p class=\"has-text-align-center\">\ud83d\udd2b <strong>Ginkl\u0173:<\/strong> vis\u0173 tip\u0173 ginkl\u0173 ir j\u0173 dali\u0173.<\/p>\n\n\n\n<p class=\"has-text-align-center\">\ud83d\udeac <strong>Akcizini\u0173 preki\u0173:<\/strong> tabako gamini\u0173 ir alkoholini\u0173 g\u0117rim\u0173.<\/p>\n\n\n\n<p class=\"has-text-align-center\">\ud83d\udcb6 <strong>Vertybi\u0173:<\/strong> pinig\u0173, juvelyrini\u0173 dirbini\u0173, tauri\u0173j\u0173 metal\u0173 bei meno k\u016brini\u0173.<\/p>\n\n\n\n<p class=\"has-text-align-center has-vivid-red-color has-text-color\"><em><strong>UAB Norvid neprisiima jokios atsakomyb\u0117s u\u017e draud\u017eiam\u0173 daikt\u0173 gabenim\u0105, j\u0173 konfiskavim\u0105 muitin\u0117s patikrinimo metu. Krovinio siunt\u0117jas prisiima visi\u0161k\u0105 atsakomyb\u0119 u\u017e neleistin\u0173 daikt\u0173 siuntim\u0105 ir apmoka ve\u017e\u0117jo d\u0117l to patirtus nuostolius, \u012fskaitant gautas baudas, prastovas ir kitas nenumatytas i\u0161laidas trigubu tarifu.<\/strong><\/em><\/p>\n\n\n\n<p><\/p>\n\n\n\n<figure class=\"wp-block-image aligncenter size-large\"><img fetchpriority=\"high\" decoding=\"async\" width=\"1024\" height=\"277\" src=\"https:\/\/norvid.lt\/wp-content\/uploads\/2023\/02\/customs-1024x277.png\" alt=\"\" class=\"wp-image-211\" srcset=\"https:\/\/norvid.lt\/wp-content\/uploads\/2023\/02\/customs-1024x277.png 1024w, https:\/\/norvid.lt\/wp-content\/uploads\/2023\/02\/customs-300x81.png 300w, https:\/\/norvid.lt\/wp-content\/uploads\/2023\/02\/customs-768x208.png 768w, https:\/\/norvid.lt\/wp-content\/uploads\/2023\/02\/customs-1536x416.png 1536w, https:\/\/norvid.lt\/wp-content\/uploads\/2023\/02\/customs-2048x554.png 2048w\" sizes=\"(max-width: 1024px) 100vw, 1024px\" \/><\/figure>\n\n\n\n<p><\/p>\n","protected":false},"excerpt":{"rendered":"<p>Atkreipiame d\u0117mes\u012f, kad siuntose grie\u017etai draud\u017eiama gabenti \u017eemiau i\u0161vardintus daiktus. UAB \u201eNorvid\u201c u\u017e juos neprisiima jokios atsakomyb\u0117s, i\u0161skyrus atvejus, kai su siunt\u0117ju tai i\u0161 anksto suderinta ra\u0161tu. Siuntoje negali b\u016bti: \ud83e\udd69 Maisto: greitai gendan\u010di\u0173 maisto produkt\u0173. \ud83e\uddea Pavojing\u0173 med\u017eiag\u0173: chemini\u0173, sprogi\u0173 ir degi\u0173 med\u017eiag\u0173. \ud83d\udd2b Ginkl\u0173: vis\u0173 tip\u0173 ginkl\u0173 ir j\u0173 dali\u0173. \ud83d\udeac Akcizini\u0173 preki\u0173: [&hellip;]<\/p>\n","protected":false},"author":1,"featured_media":0,"parent":0,"menu_order":0,"comment_status":"closed","ping_status":"closed","template":"","meta":{"site-sidebar-layout":"default","site-content-layout":"","ast-site-content-layout":"default","site-content-style":"default","site-sidebar-style":"default","ast-global-header-display":"","ast-banner-title-visibility":"","ast-main-header-display":"","ast-hfb-above-header-display":"","ast-hfb-below-header-display":"","ast-hfb-mobile-header-display":"","site-post-title":"","ast-breadcrumbs-content":"","ast-featured-img":"","footer-sml-layout":"","ast-disable-related-posts":"","theme-transparent-header-meta":"","adv-header-id-meta":"","stick-header-meta":"","header-above-stick-meta":"","header-main-stick-meta":"","header-below-stick-meta":"","astra-migrate-meta-layouts":"set","ast-page-background-enabled":"default","ast-page-background-meta":{"desktop":{"background-color":"var(--ast-global-color-4)","background-image":"","background-repeat":"repeat","background-position":"center center","background-size":"auto","background-attachment":"scroll","background-type":"","background-media":"","overlay-type":"","overlay-color":"","overlay-opacity":"","overlay-gradient":""},"tablet":{"background-color":"","background-image":"","background-repeat":"repeat","background-position":"center center","background-size":"auto","background-attachment":"scroll","background-type":"","background-media":"","overlay-type":"","overlay-color":"","overlay-opacity":"","overlay-gradient":""},"mobile":{"background-color":"","background-image":"","background-repeat":"repeat","background-position":"center center","background-size":"auto","background-attachment":"scroll","background-type":"","background-media":"","overlay-type":"","overlay-color":"","overlay-opacity":"","overlay-gradient":""}},"ast-content-background-meta":{"desktop":{"background-color":"var(--ast-global-color-5)","background-image":"","background-repeat":"repeat","background-position":"center center","background-size":"auto","background-attachment":"scroll","background-type":"","background-media":"","overlay-type":"","overlay-color":"","overlay-opacity":"","overlay-gradient":""},"tablet":{"background-color":"var(--ast-global-color-5)","background-image":"","background-repeat":"repeat","background-position":"center center","background-size":"auto","background-attachment":"scroll","background-type":"","background-media":"","overlay-type":"","overlay-color":"","overlay-opacity":"","overlay-gradient":""},"mobile":{"background-color":"var(--ast-global-color-5)","background-image":"","background-repeat":"repeat","background-position":"center center","background-size":"auto","background-attachment":"scroll","background-type":"","background-media":"","overlay-type":"","overlay-color":"","overlay-opacity":"","overlay-gradient":""}},"ngg_post_thumbnail":0,"footnotes":""},"class_list":["post-23","page","type-page","status-publish","hentry"],"yoast_head":"<!-- This site is optimized with the Yoast SEO plugin v27.4 - https:\/\/yoast.com\/product\/yoast-seo-wordpress\/ -->\n<title>Draud\u017eiami daiktai -<\/title>\n<meta name=\"description\" content=\"Chemin\u0117s Sprogios ir degios med\u017eiagos Vis\u0173 tip\u0173 ginklai Tabakas Alkoholiniai g\u0117rimai Meno k\u016briniai Juvelyriniai dirbiniai Pinigai\" \/>\n<meta name=\"robots\" content=\"index, follow, max-snippet:-1, max-image-preview:large, max-video-preview:-1\" \/>\n<link rel=\"canonical\" href=\"https:\/\/norvid.lt\/draudziami-daigtai\/\" \/>\n<meta property=\"og:locale\" content=\"lt_LT\" \/>\n<meta property=\"og:type\" content=\"article\" \/>\n<meta property=\"og:title\" content=\"Draud\u017eiami daiktai -\" \/>\n<meta property=\"og:description\" content=\"Chemin\u0117s Sprogios ir degios med\u017eiagos Vis\u0173 tip\u0173 ginklai Tabakas Alkoholiniai g\u0117rimai Meno k\u016briniai Juvelyriniai dirbiniai Pinigai\" \/>\n<meta property=\"og:url\" content=\"https:\/\/norvid.lt\/draudziami-daigtai\/\" \/>\n<meta property=\"article:publisher\" content=\"https:\/\/www.facebook.com\/profile.php?id=100063518624903\" \/>\n<meta property=\"article:modified_time\" content=\"2026-03-17T16:41:33+00:00\" \/>\n<meta property=\"og:image\" content=\"https:\/\/norvid.lt\/wp-content\/uploads\/2023\/02\/customs.png\" \/>\n\t<meta property=\"og:image:width\" content=\"3073\" \/>\n\t<meta property=\"og:image:height\" content=\"832\" \/>\n\t<meta property=\"og:image:type\" content=\"image\/png\" \/>\n<meta name=\"twitter:card\" content=\"summary_large_image\" \/>\n<meta name=\"twitter:label1\" content=\"Est. reading time\" \/>\n\t<meta name=\"twitter:data1\" content=\"1 minut\u0117\" \/>\n<script type=\"application\/ld+json\" class=\"yoast-schema-graph\">{\"@context\":\"https:\\\/\\\/schema.org\",\"@graph\":[{\"@type\":\"WebPage\",\"@id\":\"https:\\\/\\\/norvid.lt\\\/draudziami-daigtai\\\/\",\"url\":\"https:\\\/\\\/norvid.lt\\\/draudziami-daigtai\\\/\",\"name\":\"Draud\u017eiami daiktai -\",\"isPartOf\":{\"@id\":\"https:\\\/\\\/norvid.lt\\\/#website\"},\"primaryImageOfPage\":{\"@id\":\"https:\\\/\\\/norvid.lt\\\/draudziami-daigtai\\\/#primaryimage\"},\"image\":{\"@id\":\"https:\\\/\\\/norvid.lt\\\/draudziami-daigtai\\\/#primaryimage\"},\"thumbnailUrl\":\"https:\\\/\\\/norvid.lt\\\/wp-content\\\/uploads\\\/2023\\\/02\\\/customs-1024x277.png\",\"datePublished\":\"2023-02-09T11:30:26+00:00\",\"dateModified\":\"2026-03-17T16:41:33+00:00\",\"description\":\"Chemin\u0117s Sprogios ir degios med\u017eiagos Vis\u0173 tip\u0173 ginklai Tabakas Alkoholiniai g\u0117rimai Meno k\u016briniai Juvelyriniai dirbiniai Pinigai\",\"breadcrumb\":{\"@id\":\"https:\\\/\\\/norvid.lt\\\/draudziami-daigtai\\\/#breadcrumb\"},\"inLanguage\":\"lt-LT\",\"potentialAction\":[{\"@type\":\"ReadAction\",\"target\":[\"https:\\\/\\\/norvid.lt\\\/draudziami-daigtai\\\/\"]}]},{\"@type\":\"ImageObject\",\"inLanguage\":\"lt-LT\",\"@id\":\"https:\\\/\\\/norvid.lt\\\/draudziami-daigtai\\\/#primaryimage\",\"url\":\"https:\\\/\\\/norvid.lt\\\/wp-content\\\/uploads\\\/2023\\\/02\\\/customs.png\",\"contentUrl\":\"https:\\\/\\\/norvid.lt\\\/wp-content\\\/uploads\\\/2023\\\/02\\\/customs.png\",\"width\":3073,\"height\":832},{\"@type\":\"BreadcrumbList\",\"@id\":\"https:\\\/\\\/norvid.lt\\\/draudziami-daigtai\\\/#breadcrumb\",\"itemListElement\":[{\"@type\":\"ListItem\",\"position\":1,\"name\":\"Home\",\"item\":\"https:\\\/\\\/norvid.lt\\\/\"},{\"@type\":\"ListItem\",\"position\":2,\"name\":\"Draud\u017eiami daiktai\"}]},{\"@type\":\"WebSite\",\"@id\":\"https:\\\/\\\/norvid.lt\\\/#website\",\"url\":\"https:\\\/\\\/norvid.lt\\\/\",\"name\":\"Norvid.lt\",\"description\":\"\",\"publisher\":{\"@id\":\"https:\\\/\\\/norvid.lt\\\/#organization\"},\"potentialAction\":[{\"@type\":\"SearchAction\",\"target\":{\"@type\":\"EntryPoint\",\"urlTemplate\":\"https:\\\/\\\/norvid.lt\\\/?s={search_term_string}\"},\"query-input\":{\"@type\":\"PropertyValueSpecification\",\"valueRequired\":true,\"valueName\":\"search_term_string\"}}],\"inLanguage\":\"lt-LT\"},{\"@type\":\"Organization\",\"@id\":\"https:\\\/\\\/norvid.lt\\\/#organization\",\"name\":\"UAB ,,Norvid\\\"\",\"url\":\"https:\\\/\\\/norvid.lt\\\/\",\"logo\":{\"@type\":\"ImageObject\",\"inLanguage\":\"lt-LT\",\"@id\":\"https:\\\/\\\/norvid.lt\\\/#\\\/schema\\\/logo\\\/image\\\/\",\"url\":\"https:\\\/\\\/norvid.lt\\\/wp-content\\\/uploads\\\/2023\\\/02\\\/cropped-logo.png\",\"contentUrl\":\"https:\\\/\\\/norvid.lt\\\/wp-content\\\/uploads\\\/2023\\\/02\\\/cropped-logo.png\",\"width\":719,\"height\":218,\"caption\":\"UAB ,,Norvid\\\"\"},\"image\":{\"@id\":\"https:\\\/\\\/norvid.lt\\\/#\\\/schema\\\/logo\\\/image\\\/\"},\"sameAs\":[\"https:\\\/\\\/www.facebook.com\\\/profile.php?id=100063518624903\"]}]}<\/script>\n<!-- \/ Yoast SEO plugin. -->","yoast_head_json":{"title":"Draud\u017eiami daiktai -","description":"Chemin\u0117s Sprogios ir degios med\u017eiagos Vis\u0173 tip\u0173 ginklai Tabakas Alkoholiniai g\u0117rimai Meno k\u016briniai Juvelyriniai dirbiniai Pinigai","robots":{"index":"index","follow":"follow","max-snippet":"max-snippet:-1","max-image-preview":"max-image-preview:large","max-video-preview":"max-video-preview:-1"},"canonical":"https:\/\/norvid.lt\/draudziami-daigtai\/","og_locale":"lt_LT","og_type":"article","og_title":"Draud\u017eiami daiktai -","og_description":"Chemin\u0117s Sprogios ir degios med\u017eiagos Vis\u0173 tip\u0173 ginklai Tabakas Alkoholiniai g\u0117rimai Meno k\u016briniai Juvelyriniai dirbiniai Pinigai","og_url":"https:\/\/norvid.lt\/draudziami-daigtai\/","article_publisher":"https:\/\/www.facebook.com\/profile.php?id=100063518624903","article_modified_time":"2026-03-17T16:41:33+00:00","og_image":[{"width":3073,"height":832,"url":"https:\/\/norvid.lt\/wp-content\/uploads\/2023\/02\/customs.png","type":"image\/png"}],"twitter_card":"summary_large_image","twitter_misc":{"Est. reading time":"1 minut\u0117"},"schema":{"@context":"https:\/\/schema.org","@graph":[{"@type":"WebPage","@id":"https:\/\/norvid.lt\/draudziami-daigtai\/","url":"https:\/\/norvid.lt\/draudziami-daigtai\/","name":"Draud\u017eiami daiktai -","isPartOf":{"@id":"https:\/\/norvid.lt\/#website"},"primaryImageOfPage":{"@id":"https:\/\/norvid.lt\/draudziami-daigtai\/#primaryimage"},"image":{"@id":"https:\/\/norvid.lt\/draudziami-daigtai\/#primaryimage"},"thumbnailUrl":"https:\/\/norvid.lt\/wp-content\/uploads\/2023\/02\/customs-1024x277.png","datePublished":"2023-02-09T11:30:26+00:00","dateModified":"2026-03-17T16:41:33+00:00","description":"Chemin\u0117s Sprogios ir degios med\u017eiagos Vis\u0173 tip\u0173 ginklai Tabakas Alkoholiniai g\u0117rimai Meno k\u016briniai Juvelyriniai dirbiniai Pinigai","breadcrumb":{"@id":"https:\/\/norvid.lt\/draudziami-daigtai\/#breadcrumb"},"inLanguage":"lt-LT","potentialAction":[{"@type":"ReadAction","target":["https:\/\/norvid.lt\/draudziami-daigtai\/"]}]},{"@type":"ImageObject","inLanguage":"lt-LT","@id":"https:\/\/norvid.lt\/draudziami-daigtai\/#primaryimage","url":"https:\/\/norvid.lt\/wp-content\/uploads\/2023\/02\/customs.png","contentUrl":"https:\/\/norvid.lt\/wp-content\/uploads\/2023\/02\/customs.png","width":3073,"height":832},{"@type":"BreadcrumbList","@id":"https:\/\/norvid.lt\/draudziami-daigtai\/#breadcrumb","itemListElement":[{"@type":"ListItem","position":1,"name":"Home","item":"https:\/\/norvid.lt\/"},{"@type":"ListItem","position":2,"name":"Draud\u017eiami daiktai"}]},{"@type":"WebSite","@id":"https:\/\/norvid.lt\/#website","url":"https:\/\/norvid.lt\/","name":"Norvid.lt","description":"","publisher":{"@id":"https:\/\/norvid.lt\/#organization"},"potentialAction":[{"@type":"SearchAction","target":{"@type":"EntryPoint","urlTemplate":"https:\/\/norvid.lt\/?s={search_term_string}"},"query-input":{"@type":"PropertyValueSpecification","valueRequired":true,"valueName":"search_term_string"}}],"inLanguage":"lt-LT"},{"@type":"Organization","@id":"https:\/\/norvid.lt\/#organization","name":"UAB ,,Norvid\"","url":"https:\/\/norvid.lt\/","logo":{"@type":"ImageObject","inLanguage":"lt-LT","@id":"https:\/\/norvid.lt\/#\/schema\/logo\/image\/","url":"https:\/\/norvid.lt\/wp-content\/uploads\/2023\/02\/cropped-logo.png","contentUrl":"https:\/\/norvid.lt\/wp-content\/uploads\/2023\/02\/cropped-logo.png","width":719,"height":218,"caption":"UAB ,,Norvid\""},"image":{"@id":"https:\/\/norvid.lt\/#\/schema\/logo\/image\/"},"sameAs":["https:\/\/www.facebook.com\/profile.php?id=100063518624903"]}]}},"_links":{"self":[{"href":"https:\/\/norvid.lt\/wp-json\/wp\/v2\/pages\/23","targetHints":{"allow":["GET"]}}],"collection":[{"href":"https:\/\/norvid.lt\/wp-json\/wp\/v2\/pages"}],"about":[{"href":"https:\/\/norvid.lt\/wp-json\/wp\/v2\/types\/page"}],"author":[{"embeddable":true,"href":"https:\/\/norvid.lt\/wp-json\/wp\/v2\/users\/1"}],"replies":[{"embeddable":true,"href":"https:\/\/norvid.lt\/wp-json\/wp\/v2\/comments?post=23"}],"version-history":[{"count":13,"href":"https:\/\/norvid.lt\/wp-json\/wp\/v2\/pages\/23\/revisions"}],"predecessor-version":[{"id":328,"href":"https:\/\/norvid.lt\/wp-json\/wp\/v2\/pages\/23\/revisions\/328"}],"wp:attachment":[{"href":"https:\/\/norvid.lt\/wp-json\/wp\/v2\/media?parent=23"}],"curies":[{"name":"wp","href":"https:\/\/api.w.org\/{rel}","templated":true}]}}