{"id":135,"date":"2023-02-10T10:25:36","date_gmt":"2023-02-10T10:25:36","guid":{"rendered":"https:\/\/norvid.lt\/?page_id=135"},"modified":"2026-03-17T18:27:21","modified_gmt":"2026-03-17T16:27:21","slug":"paslaugos","status":"publish","type":"page","link":"https:\/\/norvid.lt\/paslaugos\/","title":{"rendered":"Paslaugos"},"content":{"rendered":"\t\t<div data-elementor-type=\"wp-page\" data-elementor-id=\"135\" class=\"elementor elementor-135\">\n\t\t\t\t<div class=\"elementor-element elementor-element-7042a573 e-flex e-con-boxed e-con e-parent\" data-id=\"7042a573\" data-element_type=\"container\" data-e-type=\"container\">\n\t\t\t\t\t<div class=\"e-con-inner\">\n\t\t\t\t<div class=\"elementor-element elementor-element-9f7b66f elementor-widget elementor-widget-text-editor\" data-id=\"9f7b66f\" data-element_type=\"widget\" data-e-type=\"widget\" data-widget_type=\"text-editor.default\">\n\t\t\t\t<div class=\"elementor-widget-container\">\n\t\t\t\t\t\t\t\t\t\n<p class=\"has-text-align-center\"><strong>Daugiau nei de\u0161imt met\u0173 darbo patirtis&#8230;. Atsakingai \u017ei\u016brime \u012f klient\u0173 l\u016bkes\u010dius&#8230;.<\/strong><\/p>\n\t\t\t\t\t\t\t\t<\/div>\n\t\t\t\t<\/div>\n\t\t\t\t\t<\/div>\n\t\t\t\t<\/div>\n\t\t<div class=\"elementor-element elementor-element-34ff0d9 e-grid e-con-boxed e-con e-parent\" data-id=\"34ff0d9\" data-element_type=\"container\" data-e-type=\"container\">\n\t\t\t\t\t<div class=\"e-con-inner\">\n\t\t<div class=\"elementor-element elementor-element-8afe7a9 e-con-full e-flex e-con e-child\" data-id=\"8afe7a9\" data-element_type=\"container\" data-e-type=\"container\">\n\t\t\t\t<div class=\"elementor-element elementor-element-27268f0 elementor-widget elementor-widget-image\" data-id=\"27268f0\" data-element_type=\"widget\" data-e-type=\"widget\" data-widget_type=\"image.default\">\n\t\t\t\t<div class=\"elementor-widget-container\">\n\t\t\t\t\t\t\t\t\t\t\t\t\t\t\t\t<a href=\"https:\/\/norvid.lt\/paslaugos\/automobiliu-pervezimas\/\">\n\t\t\t\t\t\t\t<img fetchpriority=\"high\" decoding=\"async\" width=\"1024\" height=\"768\" src=\"https:\/\/norvid.lt\/wp-content\/uploads\/2026\/03\/20241202_085945-1024x768.jpg\" class=\"attachment-large size-large wp-image-271\" alt=\"\" srcset=\"https:\/\/norvid.lt\/wp-content\/uploads\/2026\/03\/20241202_085945-1024x768.jpg 1024w, https:\/\/norvid.lt\/wp-content\/uploads\/2026\/03\/20241202_085945-300x225.jpg 300w, https:\/\/norvid.lt\/wp-content\/uploads\/2026\/03\/20241202_085945-768x576.jpg 768w, https:\/\/norvid.lt\/wp-content\/uploads\/2026\/03\/20241202_085945-1536x1152.jpg 1536w, https:\/\/norvid.lt\/wp-content\/uploads\/2026\/03\/20241202_085945.jpg 1600w\" sizes=\"(max-width: 1024px) 100vw, 1024px\" \/>\t\t\t\t\t\t\t\t<\/a>\n\t\t\t\t\t\t\t\t\t\t\t\t\t\t\t<\/div>\n\t\t\t\t<\/div>\n\t\t\t\t<div class=\"elementor-element elementor-element-3790874 elementor-widget elementor-widget-heading\" data-id=\"3790874\" data-element_type=\"widget\" data-e-type=\"widget\" data-widget_type=\"heading.default\">\n\t\t\t\t<div class=\"elementor-widget-container\">\n\t\t\t\t\t<h3 class=\"elementor-heading-title elementor-size-default\"><a href=\"https:\/\/norvid.lt\/paslaugos\/automobiliu-pervezimas\/\">Automobili\u0173 perve\u017eimas<\/a><\/h3>\t\t\t\t<\/div>\n\t\t\t\t<\/div>\n\t\t\t\t<\/div>\n\t\t<div class=\"elementor-element elementor-element-218648b e-con-full e-flex e-con e-child\" data-id=\"218648b\" data-element_type=\"container\" data-e-type=\"container\">\n\t\t\t\t<div class=\"elementor-element elementor-element-b0fe99a elementor-widget elementor-widget-image\" data-id=\"b0fe99a\" data-element_type=\"widget\" data-e-type=\"widget\" data-widget_type=\"image.default\">\n\t\t\t\t<div class=\"elementor-widget-container\">\n\t\t\t\t\t\t\t\t\t\t\t\t\t\t\t\t<a href=\"https:\/\/norvid.lt\/paslaugos\/daliniai-kroviniai-siuntos\/\">\n\t\t\t\t\t\t\t<img decoding=\"async\" width=\"1024\" height=\"768\" src=\"https:\/\/norvid.lt\/wp-content\/uploads\/2026\/03\/20241129_1233300-1024x768.jpg\" class=\"attachment-large size-large wp-image-298\" alt=\"\" srcset=\"https:\/\/norvid.lt\/wp-content\/uploads\/2026\/03\/20241129_1233300-1024x768.jpg 1024w, https:\/\/norvid.lt\/wp-content\/uploads\/2026\/03\/20241129_1233300-300x225.jpg 300w, https:\/\/norvid.lt\/wp-content\/uploads\/2026\/03\/20241129_1233300-768x576.jpg 768w, https:\/\/norvid.lt\/wp-content\/uploads\/2026\/03\/20241129_1233300-1536x1152.jpg 1536w, https:\/\/norvid.lt\/wp-content\/uploads\/2026\/03\/20241129_1233300.jpg 1600w\" sizes=\"(max-width: 1024px) 100vw, 1024px\" \/>\t\t\t\t\t\t\t\t<\/a>\n\t\t\t\t\t\t\t\t\t\t\t\t\t\t\t<\/div>\n\t\t\t\t<\/div>\n\t\t\t\t<div class=\"elementor-element elementor-element-9f8cfa1 elementor-widget elementor-widget-heading\" data-id=\"9f8cfa1\" data-element_type=\"widget\" data-e-type=\"widget\" data-widget_type=\"heading.default\">\n\t\t\t\t<div class=\"elementor-widget-container\">\n\t\t\t\t\t<h3 class=\"elementor-heading-title elementor-size-default\"><a href=\"https:\/\/norvid.lt\/paslaugos\/daliniai-kroviniai-siuntos\/\">Daliniai kroviniai, siuntos<\/a><\/h3>\t\t\t\t<\/div>\n\t\t\t\t<\/div>\n\t\t\t\t<\/div>\n\t\t<div class=\"elementor-element elementor-element-2781a05 e-con-full e-flex e-con e-child\" data-id=\"2781a05\" data-element_type=\"container\" data-e-type=\"container\">\n\t\t\t\t<div class=\"elementor-element elementor-element-f08459b elementor-widget elementor-widget-image\" data-id=\"f08459b\" data-element_type=\"widget\" data-e-type=\"widget\" data-widget_type=\"image.default\">\n\t\t\t\t<div class=\"elementor-widget-container\">\n\t\t\t\t\t\t\t\t\t\t\t\t\t\t\t\t<a href=\"https:\/\/norvid.lt\/paslaugos\/perkraustymas\/\">\n\t\t\t\t\t\t\t<img decoding=\"async\" width=\"1024\" height=\"768\" src=\"https:\/\/norvid.lt\/wp-content\/uploads\/2026\/03\/20240713_131204-1024x768.jpg\" class=\"attachment-large size-large wp-image-299\" alt=\"\" srcset=\"https:\/\/norvid.lt\/wp-content\/uploads\/2026\/03\/20240713_131204-1024x768.jpg 1024w, https:\/\/norvid.lt\/wp-content\/uploads\/2026\/03\/20240713_131204-300x225.jpg 300w, https:\/\/norvid.lt\/wp-content\/uploads\/2026\/03\/20240713_131204-768x576.jpg 768w, https:\/\/norvid.lt\/wp-content\/uploads\/2026\/03\/20240713_131204-1536x1152.jpg 1536w, https:\/\/norvid.lt\/wp-content\/uploads\/2026\/03\/20240713_131204.jpg 1600w\" sizes=\"(max-width: 1024px) 100vw, 1024px\" \/>\t\t\t\t\t\t\t\t<\/a>\n\t\t\t\t\t\t\t\t\t\t\t\t\t\t\t<\/div>\n\t\t\t\t<\/div>\n\t\t\t\t<div class=\"elementor-element elementor-element-ee79fda elementor-widget elementor-widget-heading\" data-id=\"ee79fda\" data-element_type=\"widget\" data-e-type=\"widget\" data-widget_type=\"heading.default\">\n\t\t\t\t<div class=\"elementor-widget-container\">\n\t\t\t\t\t<h3 class=\"elementor-heading-title elementor-size-default\"><a href=\"https:\/\/norvid.lt\/paslaugos\/perkraustymas\/\">Perkraustymas<\/a><\/h3>\t\t\t\t<\/div>\n\t\t\t\t<\/div>\n\t\t\t\t<\/div>\n\t\t\t\t\t<\/div>\n\t\t\t\t<\/div>\n\t\t\t\t<\/div>\n\t\t","protected":false},"excerpt":{"rendered":"<p>Daugiau nei de\u0161imt met\u0173 darbo patirtis&#8230;. Atsakingai \u017ei\u016brime \u012f klient\u0173 l\u016bkes\u010dius&#8230;. Automobili\u0173 perve\u017eimas Daliniai kroviniai, siuntos Perkraustymas<\/p>\n","protected":false},"author":1,"featured_media":0,"parent":0,"menu_order":0,"comment_status":"closed","ping_status":"closed","template":"","meta":{"site-sidebar-layout":"default","site-content-layout":"","ast-site-content-layout":"default","site-content-style":"default","site-sidebar-style":"default","ast-global-header-display":"","ast-banner-title-visibility":"","ast-main-header-display":"","ast-hfb-above-header-display":"","ast-hfb-below-header-display":"","ast-hfb-mobile-header-display":"","site-post-title":"","ast-breadcrumbs-content":"","ast-featured-img":"","footer-sml-layout":"","ast-disable-related-posts":"","theme-transparent-header-meta":"","adv-header-id-meta":"","stick-header-meta":"","header-above-stick-meta":"","header-main-stick-meta":"","header-below-stick-meta":"","astra-migrate-meta-layouts":"default","ast-page-background-enabled":"default","ast-page-background-meta":{"desktop":{"background-color":"var(--ast-global-color-4)","background-image":"","background-repeat":"repeat","background-position":"center center","background-size":"auto","background-attachment":"scroll","background-type":"","background-media":"","overlay-type":"","overlay-color":"","overlay-opacity":"","overlay-gradient":""},"tablet":{"background-color":"","background-image":"","background-repeat":"repeat","background-position":"center center","background-size":"auto","background-attachment":"scroll","background-type":"","background-media":"","overlay-type":"","overlay-color":"","overlay-opacity":"","overlay-gradient":""},"mobile":{"background-color":"","background-image":"","background-repeat":"repeat","background-position":"center center","background-size":"auto","background-attachment":"scroll","background-type":"","background-media":"","overlay-type":"","overlay-color":"","overlay-opacity":"","overlay-gradient":""}},"ast-content-background-meta":{"desktop":{"background-color":"var(--ast-global-color-5)","background-image":"","background-repeat":"repeat","background-position":"center center","background-size":"auto","background-attachment":"scroll","background-type":"","background-media":"","overlay-type":"","overlay-color":"","overlay-opacity":"","overlay-gradient":""},"tablet":{"background-color":"var(--ast-global-color-5)","background-image":"","background-repeat":"repeat","background-position":"center center","background-size":"auto","background-attachment":"scroll","background-type":"","background-media":"","overlay-type":"","overlay-color":"","overlay-opacity":"","overlay-gradient":""},"mobile":{"background-color":"var(--ast-global-color-5)","background-image":"","background-repeat":"repeat","background-position":"center center","background-size":"auto","background-attachment":"scroll","background-type":"","background-media":"","overlay-type":"","overlay-color":"","overlay-opacity":"","overlay-gradient":""}},"ngg_post_thumbnail":0,"footnotes":""},"class_list":["post-135","page","type-page","status-publish","hentry"],"yoast_head":"<!-- This site is optimized with the Yoast SEO plugin v27.4 - https:\/\/yoast.com\/product\/yoast-seo-wordpress\/ -->\n<title>Paslaugos -<\/title>\n<meta name=\"description\" content=\"Daugiau nei de\u0161imt met\u0173 darbo patirtis.... Atsakingai \u017ei\u016brime \u012f klient\u0173 l\u016bkes\u010dius.... uab ,, Norvid&quot; galerija\" \/>\n<meta name=\"robots\" content=\"index, follow, max-snippet:-1, max-image-preview:large, max-video-preview:-1\" \/>\n<link rel=\"canonical\" href=\"https:\/\/norvid.lt\/paslaugos\/\" \/>\n<meta property=\"og:locale\" content=\"lt_LT\" \/>\n<meta property=\"og:type\" content=\"article\" \/>\n<meta property=\"og:title\" content=\"Paslaugos -\" \/>\n<meta property=\"og:description\" content=\"Daugiau nei de\u0161imt met\u0173 darbo patirtis.... Atsakingai \u017ei\u016brime \u012f klient\u0173 l\u016bkes\u010dius.... uab ,, Norvid&quot; galerija\" \/>\n<meta property=\"og:url\" content=\"https:\/\/norvid.lt\/paslaugos\/\" \/>\n<meta property=\"article:publisher\" content=\"https:\/\/www.facebook.com\/profile.php?id=100063518624903\" \/>\n<meta property=\"article:modified_time\" content=\"2026-03-17T16:27:21+00:00\" \/>\n<meta property=\"og:image\" content=\"https:\/\/norvid.lt\/wp-content\/uploads\/2026\/03\/20241202_085945.jpg\" \/>\n\t<meta property=\"og:image:width\" content=\"1600\" \/>\n\t<meta property=\"og:image:height\" content=\"1200\" \/>\n\t<meta property=\"og:image:type\" content=\"image\/jpeg\" \/>\n<meta name=\"twitter:card\" content=\"summary_large_image\" \/>\n<meta name=\"twitter:label1\" content=\"Est. reading time\" \/>\n\t<meta name=\"twitter:data1\" content=\"1 minut\u0117\" \/>\n<script type=\"application\/ld+json\" class=\"yoast-schema-graph\">{\"@context\":\"https:\\\/\\\/schema.org\",\"@graph\":[{\"@type\":\"WebPage\",\"@id\":\"https:\\\/\\\/norvid.lt\\\/paslaugos\\\/\",\"url\":\"https:\\\/\\\/norvid.lt\\\/paslaugos\\\/\",\"name\":\"Paslaugos -\",\"isPartOf\":{\"@id\":\"https:\\\/\\\/norvid.lt\\\/#website\"},\"primaryImageOfPage\":{\"@id\":\"https:\\\/\\\/norvid.lt\\\/paslaugos\\\/#primaryimage\"},\"image\":{\"@id\":\"https:\\\/\\\/norvid.lt\\\/paslaugos\\\/#primaryimage\"},\"thumbnailUrl\":\"https:\\\/\\\/norvid.lt\\\/wp-content\\\/uploads\\\/2026\\\/03\\\/20241202_085945-1024x768.jpg\",\"datePublished\":\"2023-02-10T10:25:36+00:00\",\"dateModified\":\"2026-03-17T16:27:21+00:00\",\"description\":\"Daugiau nei de\u0161imt met\u0173 darbo patirtis.... Atsakingai \u017ei\u016brime \u012f klient\u0173 l\u016bkes\u010dius.... uab ,, Norvid\\\" galerija\",\"breadcrumb\":{\"@id\":\"https:\\\/\\\/norvid.lt\\\/paslaugos\\\/#breadcrumb\"},\"inLanguage\":\"lt-LT\",\"potentialAction\":[{\"@type\":\"ReadAction\",\"target\":[\"https:\\\/\\\/norvid.lt\\\/paslaugos\\\/\"]}]},{\"@type\":\"ImageObject\",\"inLanguage\":\"lt-LT\",\"@id\":\"https:\\\/\\\/norvid.lt\\\/paslaugos\\\/#primaryimage\",\"url\":\"https:\\\/\\\/norvid.lt\\\/wp-content\\\/uploads\\\/2026\\\/03\\\/20241202_085945.jpg\",\"contentUrl\":\"https:\\\/\\\/norvid.lt\\\/wp-content\\\/uploads\\\/2026\\\/03\\\/20241202_085945.jpg\",\"width\":1600,\"height\":1200},{\"@type\":\"BreadcrumbList\",\"@id\":\"https:\\\/\\\/norvid.lt\\\/paslaugos\\\/#breadcrumb\",\"itemListElement\":[{\"@type\":\"ListItem\",\"position\":1,\"name\":\"Home\",\"item\":\"https:\\\/\\\/norvid.lt\\\/\"},{\"@type\":\"ListItem\",\"position\":2,\"name\":\"Paslaugos\"}]},{\"@type\":\"WebSite\",\"@id\":\"https:\\\/\\\/norvid.lt\\\/#website\",\"url\":\"https:\\\/\\\/norvid.lt\\\/\",\"name\":\"Norvid.lt\",\"description\":\"\",\"publisher\":{\"@id\":\"https:\\\/\\\/norvid.lt\\\/#organization\"},\"potentialAction\":[{\"@type\":\"SearchAction\",\"target\":{\"@type\":\"EntryPoint\",\"urlTemplate\":\"https:\\\/\\\/norvid.lt\\\/?s={search_term_string}\"},\"query-input\":{\"@type\":\"PropertyValueSpecification\",\"valueRequired\":true,\"valueName\":\"search_term_string\"}}],\"inLanguage\":\"lt-LT\"},{\"@type\":\"Organization\",\"@id\":\"https:\\\/\\\/norvid.lt\\\/#organization\",\"name\":\"UAB ,,Norvid\\\"\",\"url\":\"https:\\\/\\\/norvid.lt\\\/\",\"logo\":{\"@type\":\"ImageObject\",\"inLanguage\":\"lt-LT\",\"@id\":\"https:\\\/\\\/norvid.lt\\\/#\\\/schema\\\/logo\\\/image\\\/\",\"url\":\"https:\\\/\\\/norvid.lt\\\/wp-content\\\/uploads\\\/2023\\\/02\\\/cropped-logo.png\",\"contentUrl\":\"https:\\\/\\\/norvid.lt\\\/wp-content\\\/uploads\\\/2023\\\/02\\\/cropped-logo.png\",\"width\":719,\"height\":218,\"caption\":\"UAB ,,Norvid\\\"\"},\"image\":{\"@id\":\"https:\\\/\\\/norvid.lt\\\/#\\\/schema\\\/logo\\\/image\\\/\"},\"sameAs\":[\"https:\\\/\\\/www.facebook.com\\\/profile.php?id=100063518624903\"]}]}<\/script>\n<!-- \/ Yoast SEO plugin. -->","yoast_head_json":{"title":"Paslaugos -","description":"Daugiau nei de\u0161imt met\u0173 darbo patirtis.... Atsakingai \u017ei\u016brime \u012f klient\u0173 l\u016bkes\u010dius.... uab ,, Norvid\" galerija","robots":{"index":"index","follow":"follow","max-snippet":"max-snippet:-1","max-image-preview":"max-image-preview:large","max-video-preview":"max-video-preview:-1"},"canonical":"https:\/\/norvid.lt\/paslaugos\/","og_locale":"lt_LT","og_type":"article","og_title":"Paslaugos -","og_description":"Daugiau nei de\u0161imt met\u0173 darbo patirtis.... Atsakingai \u017ei\u016brime \u012f klient\u0173 l\u016bkes\u010dius.... uab ,, Norvid\" galerija","og_url":"https:\/\/norvid.lt\/paslaugos\/","article_publisher":"https:\/\/www.facebook.com\/profile.php?id=100063518624903","article_modified_time":"2026-03-17T16:27:21+00:00","og_image":[{"width":1600,"height":1200,"url":"https:\/\/norvid.lt\/wp-content\/uploads\/2026\/03\/20241202_085945.jpg","type":"image\/jpeg"}],"twitter_card":"summary_large_image","twitter_misc":{"Est. reading time":"1 minut\u0117"},"schema":{"@context":"https:\/\/schema.org","@graph":[{"@type":"WebPage","@id":"https:\/\/norvid.lt\/paslaugos\/","url":"https:\/\/norvid.lt\/paslaugos\/","name":"Paslaugos -","isPartOf":{"@id":"https:\/\/norvid.lt\/#website"},"primaryImageOfPage":{"@id":"https:\/\/norvid.lt\/paslaugos\/#primaryimage"},"image":{"@id":"https:\/\/norvid.lt\/paslaugos\/#primaryimage"},"thumbnailUrl":"https:\/\/norvid.lt\/wp-content\/uploads\/2026\/03\/20241202_085945-1024x768.jpg","datePublished":"2023-02-10T10:25:36+00:00","dateModified":"2026-03-17T16:27:21+00:00","description":"Daugiau nei de\u0161imt met\u0173 darbo patirtis.... Atsakingai \u017ei\u016brime \u012f klient\u0173 l\u016bkes\u010dius.... uab ,, Norvid\" galerija","breadcrumb":{"@id":"https:\/\/norvid.lt\/paslaugos\/#breadcrumb"},"inLanguage":"lt-LT","potentialAction":[{"@type":"ReadAction","target":["https:\/\/norvid.lt\/paslaugos\/"]}]},{"@type":"ImageObject","inLanguage":"lt-LT","@id":"https:\/\/norvid.lt\/paslaugos\/#primaryimage","url":"https:\/\/norvid.lt\/wp-content\/uploads\/2026\/03\/20241202_085945.jpg","contentUrl":"https:\/\/norvid.lt\/wp-content\/uploads\/2026\/03\/20241202_085945.jpg","width":1600,"height":1200},{"@type":"BreadcrumbList","@id":"https:\/\/norvid.lt\/paslaugos\/#breadcrumb","itemListElement":[{"@type":"ListItem","position":1,"name":"Home","item":"https:\/\/norvid.lt\/"},{"@type":"ListItem","position":2,"name":"Paslaugos"}]},{"@type":"WebSite","@id":"https:\/\/norvid.lt\/#website","url":"https:\/\/norvid.lt\/","name":"Norvid.lt","description":"","publisher":{"@id":"https:\/\/norvid.lt\/#organization"},"potentialAction":[{"@type":"SearchAction","target":{"@type":"EntryPoint","urlTemplate":"https:\/\/norvid.lt\/?s={search_term_string}"},"query-input":{"@type":"PropertyValueSpecification","valueRequired":true,"valueName":"search_term_string"}}],"inLanguage":"lt-LT"},{"@type":"Organization","@id":"https:\/\/norvid.lt\/#organization","name":"UAB ,,Norvid\"","url":"https:\/\/norvid.lt\/","logo":{"@type":"ImageObject","inLanguage":"lt-LT","@id":"https:\/\/norvid.lt\/#\/schema\/logo\/image\/","url":"https:\/\/norvid.lt\/wp-content\/uploads\/2023\/02\/cropped-logo.png","contentUrl":"https:\/\/norvid.lt\/wp-content\/uploads\/2023\/02\/cropped-logo.png","width":719,"height":218,"caption":"UAB ,,Norvid\""},"image":{"@id":"https:\/\/norvid.lt\/#\/schema\/logo\/image\/"},"sameAs":["https:\/\/www.facebook.com\/profile.php?id=100063518624903"]}]}},"_links":{"self":[{"href":"https:\/\/norvid.lt\/wp-json\/wp\/v2\/pages\/135","targetHints":{"allow":["GET"]}}],"collection":[{"href":"https:\/\/norvid.lt\/wp-json\/wp\/v2\/pages"}],"about":[{"href":"https:\/\/norvid.lt\/wp-json\/wp\/v2\/types\/page"}],"author":[{"embeddable":true,"href":"https:\/\/norvid.lt\/wp-json\/wp\/v2\/users\/1"}],"replies":[{"embeddable":true,"href":"https:\/\/norvid.lt\/wp-json\/wp\/v2\/comments?post=135"}],"version-history":[{"count":13,"href":"https:\/\/norvid.lt\/wp-json\/wp\/v2\/pages\/135\/revisions"}],"predecessor-version":[{"id":308,"href":"https:\/\/norvid.lt\/wp-json\/wp\/v2\/pages\/135\/revisions\/308"}],"wp:attachment":[{"href":"https:\/\/norvid.lt\/wp-json\/wp\/v2\/media?parent=135"}],"curies":[{"name":"wp","href":"https:\/\/api.w.org\/{rel}","templated":true}]}}