{"id":128,"date":"2023-02-10T10:21:20","date_gmt":"2023-02-10T10:21:20","guid":{"rendered":"https:\/\/norvid.lt\/?page_id=128"},"modified":"2026-03-17T18:38:51","modified_gmt":"2026-03-17T16:38:51","slug":"kontaktai","status":"publish","type":"page","link":"https:\/\/norvid.lt\/kontaktai\/","title":{"rendered":"Kontaktai"},"content":{"rendered":"\t\t<div data-elementor-type=\"wp-page\" data-elementor-id=\"128\" class=\"elementor elementor-128\">\n\t\t\t\t<div class=\"elementor-element elementor-element-9b2c59a e-flex e-con-boxed e-con e-parent\" data-id=\"9b2c59a\" data-element_type=\"container\" data-e-type=\"container\">\n\t\t\t\t\t<div class=\"e-con-inner\">\n\t\t<div class=\"elementor-element elementor-element-a07d2ba e-con-full e-flex e-con e-child\" data-id=\"a07d2ba\" data-element_type=\"container\" data-e-type=\"container\">\n\t\t\t\t<div class=\"elementor-element elementor-element-6c2fba7 elementor-widget elementor-widget-heading\" data-id=\"6c2fba7\" data-element_type=\"widget\" data-e-type=\"widget\" data-widget_type=\"heading.default\">\n\t\t\t\t<div class=\"elementor-widget-container\">\n\t\t\t\t\t<h4 class=\"elementor-heading-title elementor-size-default\">UAB \"NORVID\"<\/h4>\t\t\t\t<\/div>\n\t\t\t\t<\/div>\n\t\t\t\t<div class=\"elementor-element elementor-element-a6d98ea elementor-widget elementor-widget-text-editor\" data-id=\"a6d98ea\" data-element_type=\"widget\" data-e-type=\"widget\" data-widget_type=\"text-editor.default\">\n\t\t\t\t<div class=\"elementor-widget-container\">\n\t\t\t\t\t\t\t\t\t<p><strong>Susisiekite su mumis:<\/strong><br \/>Tel. Lietuvoje: <a href=\"tel:+37069166788\">+370 691 66788<\/a><br \/>Tel. Norvegijoje: <a href=\"tel:+4793955727\">+47 93 955727<\/a><br \/>El. pa\u0161tas: <a href=\"mailto:info@norvid.lt\">info@norvid.lt<\/a><\/p><p><strong>\u012emon\u0117s duomenys:<\/strong><br \/>Pavadinimas: UAB \u201eNorvid\u201c<br \/>Adresas: Marijon\u0173 g. 29\u201342, LT-35129 Panev\u0117\u017eys<br \/>\u012emon\u0117s kodas: 302974382<br \/>PVM mok\u0117tojo kodas: LT100007441912<\/p><p><strong>Banko rekvizitai ir buhalterija:<\/strong><br \/>S\u0105skaitos numeris: LT07 4010 0412 0094 2900 (\u201eLuminor\u201c)<br \/>Buhalterijos tel.: <a href=\"tel:+37068899613\">+370 688 99613<\/a><\/p>\t\t\t\t\t\t\t\t<\/div>\n\t\t\t\t<\/div>\n\t\t\t\t<\/div>\n\t\t<div class=\"elementor-element elementor-element-31196d2 e-con-full e-flex e-con e-child\" data-id=\"31196d2\" data-element_type=\"container\" data-e-type=\"container\">\n\t\t\t\t<div class=\"elementor-element elementor-element-640c78a elementor-widget elementor-widget-shortcode\" data-id=\"640c78a\" data-element_type=\"widget\" data-e-type=\"widget\" data-widget_type=\"shortcode.default\">\n\t\t\t\t<div class=\"elementor-widget-container\">\n\t\t\t\t\t\t\t<div class=\"elementor-shortcode\">\n<div class=\"wpcf7 no-js\" id=\"wpcf7-f101-o1\" lang=\"en-US\" dir=\"ltr\" data-wpcf7-id=\"101\">\n<div class=\"screen-reader-response\"><p role=\"status\" aria-live=\"polite\" aria-atomic=\"true\"><\/p> <ul><\/ul><\/div>\n<form action=\"\/index.php?rest_route=%2Fwp%2Fv2%2Fpages%2F128#wpcf7-f101-o1\" method=\"post\" class=\"wpcf7-form init\" aria-label=\"Contact form\" novalidate=\"novalidate\" data-status=\"init\">\n<fieldset class=\"hidden-fields-container\"><input type=\"hidden\" name=\"_wpcf7\" value=\"101\" \/><input type=\"hidden\" name=\"_wpcf7_version\" value=\"6.1.5\" \/><input type=\"hidden\" name=\"_wpcf7_locale\" value=\"en_US\" \/><input type=\"hidden\" name=\"_wpcf7_unit_tag\" value=\"wpcf7-f101-o1\" \/><input type=\"hidden\" name=\"_wpcf7_container_post\" value=\"0\" \/><input type=\"hidden\" name=\"_wpcf7_posted_data_hash\" value=\"\" \/>\n<\/fieldset>\n<p><label> Vardas<br \/>\n<span class=\"wpcf7-form-control-wrap\" data-name=\"your-name\"><input size=\"40\" maxlength=\"400\" class=\"wpcf7-form-control wpcf7-text wpcf7-validates-as-required\" autocomplete=\"name\" aria-required=\"true\" aria-invalid=\"false\" value=\"\" type=\"text\" name=\"your-name\" \/><\/span> <\/label>\n<\/p>\n<p><label> El. pa\u0161tas<br \/>\n<span class=\"wpcf7-form-control-wrap\" data-name=\"your-email\"><input size=\"40\" maxlength=\"400\" class=\"wpcf7-form-control wpcf7-email wpcf7-validates-as-required wpcf7-text wpcf7-validates-as-email\" autocomplete=\"email\" aria-required=\"true\" aria-invalid=\"false\" value=\"\" type=\"email\" name=\"your-email\" \/><\/span> <\/label>\n<\/p>\n<p><label> Tema<br \/>\n<span class=\"wpcf7-form-control-wrap\" data-name=\"your-subject\"><input size=\"40\" maxlength=\"400\" class=\"wpcf7-form-control wpcf7-text wpcf7-validates-as-required\" aria-required=\"true\" aria-invalid=\"false\" value=\"\" type=\"text\" name=\"your-subject\" \/><\/span> <\/label>\n<\/p>\n<p><label> \u017dinut\u0117<br \/>\n<span class=\"wpcf7-form-control-wrap\" data-name=\"your-message\"><textarea cols=\"40\" rows=\"10\" maxlength=\"2000\" class=\"wpcf7-form-control wpcf7-textarea\" aria-invalid=\"false\" name=\"your-message\"><\/textarea><\/span> <\/label>\n<\/p>\n<p><input class=\"wpcf7-form-control wpcf7-submit has-spinner\" type=\"submit\" value=\"Si\u0173sti\" \/>\n<\/p><div class=\"wpcf7-response-output\" aria-hidden=\"true\"><\/div>\n<\/form>\n<\/div>\n<\/div>\n\t\t\t\t\t\t<\/div>\n\t\t\t\t<\/div>\n\t\t\t\t<\/div>\n\t\t\t\t\t<\/div>\n\t\t\t\t<\/div>\n\t\t\t\t<\/div>\n\t\t","protected":false},"excerpt":{"rendered":"<p>UAB &#8222;NORVID&#8221; Susisiekite su mumis:Tel. Lietuvoje: +370 691 66788Tel. Norvegijoje: +47 93 955727El. pa\u0161tas: info@norvid.lt \u012emon\u0117s duomenys:Pavadinimas: UAB \u201eNorvid\u201cAdresas: Marijon\u0173 g. 29\u201342, LT-35129 Panev\u0117\u017eys\u012emon\u0117s kodas: 302974382PVM mok\u0117tojo kodas: LT100007441912 Banko rekvizitai ir buhalterija:S\u0105skaitos numeris: LT07 4010 0412 0094 2900 (\u201eLuminor\u201c)Buhalterijos tel.: +370 688 99613<\/p>\n","protected":false},"author":1,"featured_media":0,"parent":0,"menu_order":0,"comment_status":"closed","ping_status":"closed","template":"","meta":{"site-sidebar-layout":"default","site-content-layout":"","ast-site-content-layout":"default","site-content-style":"default","site-sidebar-style":"default","ast-global-header-display":"","ast-banner-title-visibility":"","ast-main-header-display":"","ast-hfb-above-header-display":"","ast-hfb-below-header-display":"","ast-hfb-mobile-header-display":"","site-post-title":"","ast-breadcrumbs-content":"","ast-featured-img":"","footer-sml-layout":"","ast-disable-related-posts":"","theme-transparent-header-meta":"","adv-header-id-meta":"","stick-header-meta":"","header-above-stick-meta":"","header-main-stick-meta":"","header-below-stick-meta":"","astra-migrate-meta-layouts":"default","ast-page-background-enabled":"default","ast-page-background-meta":{"desktop":{"background-color":"var(--ast-global-color-4)","background-image":"","background-repeat":"repeat","background-position":"center center","background-size":"auto","background-attachment":"scroll","background-type":"","background-media":"","overlay-type":"","overlay-color":"","overlay-opacity":"","overlay-gradient":""},"tablet":{"background-color":"","background-image":"","background-repeat":"repeat","background-position":"center center","background-size":"auto","background-attachment":"scroll","background-type":"","background-media":"","overlay-type":"","overlay-color":"","overlay-opacity":"","overlay-gradient":""},"mobile":{"background-color":"","background-image":"","background-repeat":"repeat","background-position":"center center","background-size":"auto","background-attachment":"scroll","background-type":"","background-media":"","overlay-type":"","overlay-color":"","overlay-opacity":"","overlay-gradient":""}},"ast-content-background-meta":{"desktop":{"background-color":"var(--ast-global-color-5)","background-image":"","background-repeat":"repeat","background-position":"center center","background-size":"auto","background-attachment":"scroll","background-type":"","background-media":"","overlay-type":"","overlay-color":"","overlay-opacity":"","overlay-gradient":""},"tablet":{"background-color":"var(--ast-global-color-5)","background-image":"","background-repeat":"repeat","background-position":"center center","background-size":"auto","background-attachment":"scroll","background-type":"","background-media":"","overlay-type":"","overlay-color":"","overlay-opacity":"","overlay-gradient":""},"mobile":{"background-color":"var(--ast-global-color-5)","background-image":"","background-repeat":"repeat","background-position":"center center","background-size":"auto","background-attachment":"scroll","background-type":"","background-media":"","overlay-type":"","overlay-color":"","overlay-opacity":"","overlay-gradient":""}},"ngg_post_thumbnail":0,"footnotes":""},"class_list":["post-128","page","type-page","status-publish","hentry"],"yoast_head":"<!-- This site is optimized with the Yoast SEO plugin v27.4 - https:\/\/yoast.com\/product\/yoast-seo-wordpress\/ -->\n<title>Kontaktai -<\/title>\n<meta name=\"description\" content=\"UAB &quot;NORVID&quot; \u012emon\u0117s kodas: 302974382 Tel.: Lietuvoje: +370 691 66788 Tel.: Norvegijoje: +47 93 955727 El. pa\u0161to adresas: info@norvid.lt\" \/>\n<meta name=\"robots\" content=\"index, follow, max-snippet:-1, max-image-preview:large, max-video-preview:-1\" \/>\n<link rel=\"canonical\" href=\"https:\/\/norvid.lt\/kontaktai\/\" \/>\n<meta property=\"og:locale\" content=\"lt_LT\" \/>\n<meta property=\"og:type\" content=\"article\" \/>\n<meta property=\"og:title\" content=\"Kontaktai -\" \/>\n<meta property=\"og:description\" content=\"UAB &quot;NORVID&quot; \u012emon\u0117s kodas: 302974382 Tel.: Lietuvoje: +370 691 66788 Tel.: Norvegijoje: +47 93 955727 El. pa\u0161to adresas: info@norvid.lt\" \/>\n<meta property=\"og:url\" content=\"https:\/\/norvid.lt\/kontaktai\/\" \/>\n<meta property=\"article:publisher\" content=\"https:\/\/www.facebook.com\/profile.php?id=100063518624903\" \/>\n<meta property=\"article:modified_time\" content=\"2026-03-17T16:38:51+00:00\" \/>\n<meta name=\"twitter:card\" content=\"summary_large_image\" \/>\n<meta name=\"twitter:label1\" content=\"Est. reading time\" \/>\n\t<meta name=\"twitter:data1\" content=\"1 minut\u0117\" \/>\n<script type=\"application\/ld+json\" class=\"yoast-schema-graph\">{\"@context\":\"https:\\\/\\\/schema.org\",\"@graph\":[{\"@type\":\"WebPage\",\"@id\":\"https:\\\/\\\/norvid.lt\\\/kontaktai\\\/\",\"url\":\"https:\\\/\\\/norvid.lt\\\/kontaktai\\\/\",\"name\":\"Kontaktai -\",\"isPartOf\":{\"@id\":\"https:\\\/\\\/norvid.lt\\\/#website\"},\"datePublished\":\"2023-02-10T10:21:20+00:00\",\"dateModified\":\"2026-03-17T16:38:51+00:00\",\"description\":\"UAB \\\"NORVID\\\" \u012emon\u0117s kodas: 302974382 Tel.: Lietuvoje: +370 691 66788 Tel.: Norvegijoje: +47 93 955727 El. pa\u0161to adresas: info@norvid.lt\",\"breadcrumb\":{\"@id\":\"https:\\\/\\\/norvid.lt\\\/kontaktai\\\/#breadcrumb\"},\"inLanguage\":\"lt-LT\",\"potentialAction\":[{\"@type\":\"ReadAction\",\"target\":[\"https:\\\/\\\/norvid.lt\\\/kontaktai\\\/\"]}]},{\"@type\":\"BreadcrumbList\",\"@id\":\"https:\\\/\\\/norvid.lt\\\/kontaktai\\\/#breadcrumb\",\"itemListElement\":[{\"@type\":\"ListItem\",\"position\":1,\"name\":\"Home\",\"item\":\"https:\\\/\\\/norvid.lt\\\/\"},{\"@type\":\"ListItem\",\"position\":2,\"name\":\"Kontaktai\"}]},{\"@type\":\"WebSite\",\"@id\":\"https:\\\/\\\/norvid.lt\\\/#website\",\"url\":\"https:\\\/\\\/norvid.lt\\\/\",\"name\":\"Norvid.lt\",\"description\":\"\",\"publisher\":{\"@id\":\"https:\\\/\\\/norvid.lt\\\/#organization\"},\"potentialAction\":[{\"@type\":\"SearchAction\",\"target\":{\"@type\":\"EntryPoint\",\"urlTemplate\":\"https:\\\/\\\/norvid.lt\\\/?s={search_term_string}\"},\"query-input\":{\"@type\":\"PropertyValueSpecification\",\"valueRequired\":true,\"valueName\":\"search_term_string\"}}],\"inLanguage\":\"lt-LT\"},{\"@type\":\"Organization\",\"@id\":\"https:\\\/\\\/norvid.lt\\\/#organization\",\"name\":\"UAB ,,Norvid\\\"\",\"url\":\"https:\\\/\\\/norvid.lt\\\/\",\"logo\":{\"@type\":\"ImageObject\",\"inLanguage\":\"lt-LT\",\"@id\":\"https:\\\/\\\/norvid.lt\\\/#\\\/schema\\\/logo\\\/image\\\/\",\"url\":\"https:\\\/\\\/norvid.lt\\\/wp-content\\\/uploads\\\/2023\\\/02\\\/cropped-logo.png\",\"contentUrl\":\"https:\\\/\\\/norvid.lt\\\/wp-content\\\/uploads\\\/2023\\\/02\\\/cropped-logo.png\",\"width\":719,\"height\":218,\"caption\":\"UAB ,,Norvid\\\"\"},\"image\":{\"@id\":\"https:\\\/\\\/norvid.lt\\\/#\\\/schema\\\/logo\\\/image\\\/\"},\"sameAs\":[\"https:\\\/\\\/www.facebook.com\\\/profile.php?id=100063518624903\"]}]}<\/script>\n<!-- \/ Yoast SEO plugin. -->","yoast_head_json":{"title":"Kontaktai -","description":"UAB \"NORVID\" \u012emon\u0117s kodas: 302974382 Tel.: Lietuvoje: +370 691 66788 Tel.: Norvegijoje: +47 93 955727 El. pa\u0161to adresas: info@norvid.lt","robots":{"index":"index","follow":"follow","max-snippet":"max-snippet:-1","max-image-preview":"max-image-preview:large","max-video-preview":"max-video-preview:-1"},"canonical":"https:\/\/norvid.lt\/kontaktai\/","og_locale":"lt_LT","og_type":"article","og_title":"Kontaktai -","og_description":"UAB \"NORVID\" \u012emon\u0117s kodas: 302974382 Tel.: Lietuvoje: +370 691 66788 Tel.: Norvegijoje: +47 93 955727 El. pa\u0161to adresas: info@norvid.lt","og_url":"https:\/\/norvid.lt\/kontaktai\/","article_publisher":"https:\/\/www.facebook.com\/profile.php?id=100063518624903","article_modified_time":"2026-03-17T16:38:51+00:00","twitter_card":"summary_large_image","twitter_misc":{"Est. reading time":"1 minut\u0117"},"schema":{"@context":"https:\/\/schema.org","@graph":[{"@type":"WebPage","@id":"https:\/\/norvid.lt\/kontaktai\/","url":"https:\/\/norvid.lt\/kontaktai\/","name":"Kontaktai -","isPartOf":{"@id":"https:\/\/norvid.lt\/#website"},"datePublished":"2023-02-10T10:21:20+00:00","dateModified":"2026-03-17T16:38:51+00:00","description":"UAB \"NORVID\" \u012emon\u0117s kodas: 302974382 Tel.: Lietuvoje: +370 691 66788 Tel.: Norvegijoje: +47 93 955727 El. pa\u0161to adresas: info@norvid.lt","breadcrumb":{"@id":"https:\/\/norvid.lt\/kontaktai\/#breadcrumb"},"inLanguage":"lt-LT","potentialAction":[{"@type":"ReadAction","target":["https:\/\/norvid.lt\/kontaktai\/"]}]},{"@type":"BreadcrumbList","@id":"https:\/\/norvid.lt\/kontaktai\/#breadcrumb","itemListElement":[{"@type":"ListItem","position":1,"name":"Home","item":"https:\/\/norvid.lt\/"},{"@type":"ListItem","position":2,"name":"Kontaktai"}]},{"@type":"WebSite","@id":"https:\/\/norvid.lt\/#website","url":"https:\/\/norvid.lt\/","name":"Norvid.lt","description":"","publisher":{"@id":"https:\/\/norvid.lt\/#organization"},"potentialAction":[{"@type":"SearchAction","target":{"@type":"EntryPoint","urlTemplate":"https:\/\/norvid.lt\/?s={search_term_string}"},"query-input":{"@type":"PropertyValueSpecification","valueRequired":true,"valueName":"search_term_string"}}],"inLanguage":"lt-LT"},{"@type":"Organization","@id":"https:\/\/norvid.lt\/#organization","name":"UAB ,,Norvid\"","url":"https:\/\/norvid.lt\/","logo":{"@type":"ImageObject","inLanguage":"lt-LT","@id":"https:\/\/norvid.lt\/#\/schema\/logo\/image\/","url":"https:\/\/norvid.lt\/wp-content\/uploads\/2023\/02\/cropped-logo.png","contentUrl":"https:\/\/norvid.lt\/wp-content\/uploads\/2023\/02\/cropped-logo.png","width":719,"height":218,"caption":"UAB ,,Norvid\""},"image":{"@id":"https:\/\/norvid.lt\/#\/schema\/logo\/image\/"},"sameAs":["https:\/\/www.facebook.com\/profile.php?id=100063518624903"]}]}},"_links":{"self":[{"href":"https:\/\/norvid.lt\/wp-json\/wp\/v2\/pages\/128","targetHints":{"allow":["GET"]}}],"collection":[{"href":"https:\/\/norvid.lt\/wp-json\/wp\/v2\/pages"}],"about":[{"href":"https:\/\/norvid.lt\/wp-json\/wp\/v2\/types\/page"}],"author":[{"embeddable":true,"href":"https:\/\/norvid.lt\/wp-json\/wp\/v2\/users\/1"}],"replies":[{"embeddable":true,"href":"https:\/\/norvid.lt\/wp-json\/wp\/v2\/comments?post=128"}],"version-history":[{"count":26,"href":"https:\/\/norvid.lt\/wp-json\/wp\/v2\/pages\/128\/revisions"}],"predecessor-version":[{"id":320,"href":"https:\/\/norvid.lt\/wp-json\/wp\/v2\/pages\/128\/revisions\/320"}],"wp:attachment":[{"href":"https:\/\/norvid.lt\/wp-json\/wp\/v2\/media?parent=128"}],"curies":[{"name":"wp","href":"https:\/\/api.w.org\/{rel}","templated":true}]}}