{"id":119,"date":"2023-02-10T10:02:55","date_gmt":"2023-02-10T10:02:55","guid":{"rendered":"https:\/\/norvid.lt\/?page_id=119"},"modified":"2023-03-24T10:39:55","modified_gmt":"2023-03-24T10:39:55","slug":"perkraustymas","status":"publish","type":"page","link":"https:\/\/norvid.lt\/paslaugos\/perkraustymas\/","title":{"rendered":"Perkraustymas"},"content":{"rendered":"\n<p>Persikraustote ir neturite su kuo persive\u017eti baldus, daiktus? Negai\u0161kite laiko bandydami sutalpinti daiktus \u012f lengvaj\u012f automobil\u012f &#8211; m\u016bs\u0173 darbuotojai ne tik perve\u0161 j\u016bs\u0173 baldus bei daiktus, bet ir u\u017e papildom\u0105 mokest\u012f sune\u0161 ir sustatys juos \u012f viet\u0105.<br>Tai pat perkraustome i\u0161 Lietuvos \u012f Norvegij\u0105 bei i\u0161 Norvegijos \u012f Lietuv\u0105.<\/p>\n\n\n\n<p>D\u0117l kain\u0173 pra\u0161ome susisiekti su mumis el. pa\u0161tu arba telefonu, kuriuos rasite kontaktuose.<\/p>\n","protected":false},"excerpt":{"rendered":"<p>Persikraustote ir neturite su kuo persive\u017eti baldus, daiktus? Negai\u0161kite laiko bandydami sutalpinti daiktus \u012f lengvaj\u012f automobil\u012f &#8211; m\u016bs\u0173 darbuotojai ne tik perve\u0161 j\u016bs\u0173 baldus bei daiktus, bet ir u\u017e papildom\u0105 mokest\u012f sune\u0161 ir sustatys juos \u012f viet\u0105.Tai pat perkraustome i\u0161 Lietuvos \u012f Norvegij\u0105 bei i\u0161 Norvegijos \u012f Lietuv\u0105. D\u0117l kain\u0173 pra\u0161ome susisiekti su mumis el. [&hellip;]<\/p>\n","protected":false},"author":1,"featured_media":0,"parent":135,"menu_order":0,"comment_status":"closed","ping_status":"closed","template":"","meta":{"site-sidebar-layout":"default","site-content-layout":"","ast-site-content-layout":"default","site-content-style":"default","site-sidebar-style":"default","ast-global-header-display":"","ast-banner-title-visibility":"","ast-main-header-display":"","ast-hfb-above-header-display":"","ast-hfb-below-header-display":"","ast-hfb-mobile-header-display":"","site-post-title":"","ast-breadcrumbs-content":"","ast-featured-img":"","footer-sml-layout":"","ast-disable-related-posts":"","theme-transparent-header-meta":"","adv-header-id-meta":"","stick-header-meta":"","header-above-stick-meta":"","header-main-stick-meta":"","header-below-stick-meta":"","astra-migrate-meta-layouts":"default","ast-page-background-enabled":"default","ast-page-background-meta":{"desktop":{"background-color":"var(--ast-global-color-4)","background-image":"","background-repeat":"repeat","background-position":"center center","background-size":"auto","background-attachment":"scroll","background-type":"","background-media":"","overlay-type":"","overlay-color":"","overlay-opacity":"","overlay-gradient":""},"tablet":{"background-color":"","background-image":"","background-repeat":"repeat","background-position":"center center","background-size":"auto","background-attachment":"scroll","background-type":"","background-media":"","overlay-type":"","overlay-color":"","overlay-opacity":"","overlay-gradient":""},"mobile":{"background-color":"","background-image":"","background-repeat":"repeat","background-position":"center center","background-size":"auto","background-attachment":"scroll","background-type":"","background-media":"","overlay-type":"","overlay-color":"","overlay-opacity":"","overlay-gradient":""}},"ast-content-background-meta":{"desktop":{"background-color":"var(--ast-global-color-5)","background-image":"","background-repeat":"repeat","background-position":"center center","background-size":"auto","background-attachment":"scroll","background-type":"","background-media":"","overlay-type":"","overlay-color":"","overlay-opacity":"","overlay-gradient":""},"tablet":{"background-color":"var(--ast-global-color-5)","background-image":"","background-repeat":"repeat","background-position":"center center","background-size":"auto","background-attachment":"scroll","background-type":"","background-media":"","overlay-type":"","overlay-color":"","overlay-opacity":"","overlay-gradient":""},"mobile":{"background-color":"var(--ast-global-color-5)","background-image":"","background-repeat":"repeat","background-position":"center center","background-size":"auto","background-attachment":"scroll","background-type":"","background-media":"","overlay-type":"","overlay-color":"","overlay-opacity":"","overlay-gradient":""}},"ngg_post_thumbnail":0,"footnotes":""},"class_list":["post-119","page","type-page","status-publish","hentry"],"yoast_head":"<!-- This site is optimized with the Yoast SEO plugin v27.4 - https:\/\/yoast.com\/product\/yoast-seo-wordpress\/ -->\n<title>Perkraustymas -<\/title>\n<meta name=\"description\" content=\"m\u016bs\u0173 darbuotojai ne tik perve\u0161 j\u016bs\u0173 baldus bei daiktus, bet ir u\u017e papildom\u0105 mokest\u012f sune\u0161 ir sustatys juos \u012f viet\u0105.\" \/>\n<meta name=\"robots\" content=\"index, follow, max-snippet:-1, max-image-preview:large, max-video-preview:-1\" \/>\n<link rel=\"canonical\" href=\"https:\/\/norvid.lt\/paslaugos\/perkraustymas\/\" \/>\n<meta property=\"og:locale\" content=\"lt_LT\" \/>\n<meta property=\"og:type\" content=\"article\" \/>\n<meta property=\"og:title\" content=\"Perkraustymas -\" \/>\n<meta property=\"og:description\" content=\"m\u016bs\u0173 darbuotojai ne tik perve\u0161 j\u016bs\u0173 baldus bei daiktus, bet ir u\u017e papildom\u0105 mokest\u012f sune\u0161 ir sustatys juos \u012f viet\u0105.\" \/>\n<meta property=\"og:url\" content=\"https:\/\/norvid.lt\/paslaugos\/perkraustymas\/\" \/>\n<meta property=\"article:publisher\" content=\"https:\/\/www.facebook.com\/profile.php?id=100063518624903\" \/>\n<meta property=\"article:modified_time\" content=\"2023-03-24T10:39:55+00:00\" \/>\n<meta name=\"twitter:card\" content=\"summary_large_image\" \/>\n<meta name=\"twitter:label1\" content=\"Est. reading time\" \/>\n\t<meta name=\"twitter:data1\" content=\"1 minut\u0117\" \/>\n<script type=\"application\/ld+json\" class=\"yoast-schema-graph\">{\"@context\":\"https:\\\/\\\/schema.org\",\"@graph\":[{\"@type\":\"WebPage\",\"@id\":\"https:\\\/\\\/norvid.lt\\\/paslaugos\\\/perkraustymas\\\/\",\"url\":\"https:\\\/\\\/norvid.lt\\\/paslaugos\\\/perkraustymas\\\/\",\"name\":\"Perkraustymas -\",\"isPartOf\":{\"@id\":\"https:\\\/\\\/norvid.lt\\\/#website\"},\"datePublished\":\"2023-02-10T10:02:55+00:00\",\"dateModified\":\"2023-03-24T10:39:55+00:00\",\"description\":\"m\u016bs\u0173 darbuotojai ne tik perve\u0161 j\u016bs\u0173 baldus bei daiktus, bet ir u\u017e papildom\u0105 mokest\u012f sune\u0161 ir sustatys juos \u012f viet\u0105.\",\"breadcrumb\":{\"@id\":\"https:\\\/\\\/norvid.lt\\\/paslaugos\\\/perkraustymas\\\/#breadcrumb\"},\"inLanguage\":\"lt-LT\",\"potentialAction\":[{\"@type\":\"ReadAction\",\"target\":[\"https:\\\/\\\/norvid.lt\\\/paslaugos\\\/perkraustymas\\\/\"]}]},{\"@type\":\"BreadcrumbList\",\"@id\":\"https:\\\/\\\/norvid.lt\\\/paslaugos\\\/perkraustymas\\\/#breadcrumb\",\"itemListElement\":[{\"@type\":\"ListItem\",\"position\":1,\"name\":\"Home\",\"item\":\"https:\\\/\\\/norvid.lt\\\/\"},{\"@type\":\"ListItem\",\"position\":2,\"name\":\"Paslaugos\",\"item\":\"https:\\\/\\\/norvid.lt\\\/paslaugos\\\/\"},{\"@type\":\"ListItem\",\"position\":3,\"name\":\"Perkraustymas\"}]},{\"@type\":\"WebSite\",\"@id\":\"https:\\\/\\\/norvid.lt\\\/#website\",\"url\":\"https:\\\/\\\/norvid.lt\\\/\",\"name\":\"Norvid.lt\",\"description\":\"\",\"publisher\":{\"@id\":\"https:\\\/\\\/norvid.lt\\\/#organization\"},\"potentialAction\":[{\"@type\":\"SearchAction\",\"target\":{\"@type\":\"EntryPoint\",\"urlTemplate\":\"https:\\\/\\\/norvid.lt\\\/?s={search_term_string}\"},\"query-input\":{\"@type\":\"PropertyValueSpecification\",\"valueRequired\":true,\"valueName\":\"search_term_string\"}}],\"inLanguage\":\"lt-LT\"},{\"@type\":\"Organization\",\"@id\":\"https:\\\/\\\/norvid.lt\\\/#organization\",\"name\":\"UAB ,,Norvid\\\"\",\"url\":\"https:\\\/\\\/norvid.lt\\\/\",\"logo\":{\"@type\":\"ImageObject\",\"inLanguage\":\"lt-LT\",\"@id\":\"https:\\\/\\\/norvid.lt\\\/#\\\/schema\\\/logo\\\/image\\\/\",\"url\":\"https:\\\/\\\/norvid.lt\\\/wp-content\\\/uploads\\\/2023\\\/02\\\/cropped-logo.png\",\"contentUrl\":\"https:\\\/\\\/norvid.lt\\\/wp-content\\\/uploads\\\/2023\\\/02\\\/cropped-logo.png\",\"width\":719,\"height\":218,\"caption\":\"UAB ,,Norvid\\\"\"},\"image\":{\"@id\":\"https:\\\/\\\/norvid.lt\\\/#\\\/schema\\\/logo\\\/image\\\/\"},\"sameAs\":[\"https:\\\/\\\/www.facebook.com\\\/profile.php?id=100063518624903\"]}]}<\/script>\n<!-- \/ Yoast SEO plugin. -->","yoast_head_json":{"title":"Perkraustymas -","description":"m\u016bs\u0173 darbuotojai ne tik perve\u0161 j\u016bs\u0173 baldus bei daiktus, bet ir u\u017e papildom\u0105 mokest\u012f sune\u0161 ir sustatys juos \u012f viet\u0105.","robots":{"index":"index","follow":"follow","max-snippet":"max-snippet:-1","max-image-preview":"max-image-preview:large","max-video-preview":"max-video-preview:-1"},"canonical":"https:\/\/norvid.lt\/paslaugos\/perkraustymas\/","og_locale":"lt_LT","og_type":"article","og_title":"Perkraustymas -","og_description":"m\u016bs\u0173 darbuotojai ne tik perve\u0161 j\u016bs\u0173 baldus bei daiktus, bet ir u\u017e papildom\u0105 mokest\u012f sune\u0161 ir sustatys juos \u012f viet\u0105.","og_url":"https:\/\/norvid.lt\/paslaugos\/perkraustymas\/","article_publisher":"https:\/\/www.facebook.com\/profile.php?id=100063518624903","article_modified_time":"2023-03-24T10:39:55+00:00","twitter_card":"summary_large_image","twitter_misc":{"Est. reading time":"1 minut\u0117"},"schema":{"@context":"https:\/\/schema.org","@graph":[{"@type":"WebPage","@id":"https:\/\/norvid.lt\/paslaugos\/perkraustymas\/","url":"https:\/\/norvid.lt\/paslaugos\/perkraustymas\/","name":"Perkraustymas -","isPartOf":{"@id":"https:\/\/norvid.lt\/#website"},"datePublished":"2023-02-10T10:02:55+00:00","dateModified":"2023-03-24T10:39:55+00:00","description":"m\u016bs\u0173 darbuotojai ne tik perve\u0161 j\u016bs\u0173 baldus bei daiktus, bet ir u\u017e papildom\u0105 mokest\u012f sune\u0161 ir sustatys juos \u012f viet\u0105.","breadcrumb":{"@id":"https:\/\/norvid.lt\/paslaugos\/perkraustymas\/#breadcrumb"},"inLanguage":"lt-LT","potentialAction":[{"@type":"ReadAction","target":["https:\/\/norvid.lt\/paslaugos\/perkraustymas\/"]}]},{"@type":"BreadcrumbList","@id":"https:\/\/norvid.lt\/paslaugos\/perkraustymas\/#breadcrumb","itemListElement":[{"@type":"ListItem","position":1,"name":"Home","item":"https:\/\/norvid.lt\/"},{"@type":"ListItem","position":2,"name":"Paslaugos","item":"https:\/\/norvid.lt\/paslaugos\/"},{"@type":"ListItem","position":3,"name":"Perkraustymas"}]},{"@type":"WebSite","@id":"https:\/\/norvid.lt\/#website","url":"https:\/\/norvid.lt\/","name":"Norvid.lt","description":"","publisher":{"@id":"https:\/\/norvid.lt\/#organization"},"potentialAction":[{"@type":"SearchAction","target":{"@type":"EntryPoint","urlTemplate":"https:\/\/norvid.lt\/?s={search_term_string}"},"query-input":{"@type":"PropertyValueSpecification","valueRequired":true,"valueName":"search_term_string"}}],"inLanguage":"lt-LT"},{"@type":"Organization","@id":"https:\/\/norvid.lt\/#organization","name":"UAB ,,Norvid\"","url":"https:\/\/norvid.lt\/","logo":{"@type":"ImageObject","inLanguage":"lt-LT","@id":"https:\/\/norvid.lt\/#\/schema\/logo\/image\/","url":"https:\/\/norvid.lt\/wp-content\/uploads\/2023\/02\/cropped-logo.png","contentUrl":"https:\/\/norvid.lt\/wp-content\/uploads\/2023\/02\/cropped-logo.png","width":719,"height":218,"caption":"UAB ,,Norvid\""},"image":{"@id":"https:\/\/norvid.lt\/#\/schema\/logo\/image\/"},"sameAs":["https:\/\/www.facebook.com\/profile.php?id=100063518624903"]}]}},"_links":{"self":[{"href":"https:\/\/norvid.lt\/wp-json\/wp\/v2\/pages\/119","targetHints":{"allow":["GET"]}}],"collection":[{"href":"https:\/\/norvid.lt\/wp-json\/wp\/v2\/pages"}],"about":[{"href":"https:\/\/norvid.lt\/wp-json\/wp\/v2\/types\/page"}],"author":[{"embeddable":true,"href":"https:\/\/norvid.lt\/wp-json\/wp\/v2\/users\/1"}],"replies":[{"embeddable":true,"href":"https:\/\/norvid.lt\/wp-json\/wp\/v2\/comments?post=119"}],"version-history":[{"count":2,"href":"https:\/\/norvid.lt\/wp-json\/wp\/v2\/pages\/119\/revisions"}],"predecessor-version":[{"id":141,"href":"https:\/\/norvid.lt\/wp-json\/wp\/v2\/pages\/119\/revisions\/141"}],"up":[{"embeddable":true,"href":"https:\/\/norvid.lt\/wp-json\/wp\/v2\/pages\/135"}],"wp:attachment":[{"href":"https:\/\/norvid.lt\/wp-json\/wp\/v2\/media?parent=119"}],"curies":[{"name":"wp","href":"https:\/\/api.w.org\/{rel}","templated":true}]}}